{"id":2410,"date":"2025-12-16T10:49:46","date_gmt":"2025-12-16T09:49:46","guid":{"rendered":"https:\/\/www.plastique-saarlorlux.lu\/mentions-legales\/"},"modified":"2026-03-10T09:42:24","modified_gmt":"2026-03-10T08:42:24","slug":"mentions-legales","status":"publish","type":"page","link":"https:\/\/www.plastique-saarlorlux.lu\/fr\/mentions-legales\/","title":{"rendered":"Mentions l\u00e9gales"},"content":{"rendered":"\t\t<div data-elementor-type=\"wp-page\" data-elementor-id=\"2410\" class=\"elementor elementor-2410 elementor-795\" data-elementor-post-type=\"page\">\n\t\t\t\t<div class=\"elementor-element elementor-element-9df3c91 e-flex e-con-boxed e-con e-parent\" data-id=\"9df3c91\" data-element_type=\"container\" data-e-type=\"container\" data-settings=\"{&quot;background_background&quot;:&quot;classic&quot;}\">\n\t\t\t\t\t<div class=\"e-con-inner\">\n\t\t<div class=\"elementor-element elementor-element-6299469 e-con-full e-flex elementor-invisible e-con e-child\" data-id=\"6299469\" data-element_type=\"container\" data-e-type=\"container\" data-settings=\"{&quot;animation&quot;:&quot;fadeInUp&quot;,&quot;animation_mobile&quot;:&quot;fadeIn&quot;}\">\n\t\t\t\t<div class=\"elementor-element elementor-element-8de43b3 elementor-widget__width-initial elementor-widget elementor-widget-heading\" data-id=\"8de43b3\" data-element_type=\"widget\" data-e-type=\"widget\" data-widget_type=\"heading.default\">\n\t\t\t\t<div class=\"elementor-widget-container\">\n\t\t\t\t\t<h2 class=\"elementor-heading-title elementor-size-default\">Bienvenue dans notre cabinet<\/h2>\t\t\t\t<\/div>\n\t\t\t\t<\/div>\n\t\t\t\t<div class=\"elementor-element elementor-element-a7c39c9 elementor-widget__width-initial elementor-widget elementor-widget-heading\" data-id=\"a7c39c9\" data-element_type=\"widget\" data-e-type=\"widget\" data-widget_type=\"heading.default\">\n\t\t\t\t<div class=\"elementor-widget-container\">\n\t\t\t\t\t<h2 class=\"elementor-heading-title elementor-size-default\">Mentions l\u00e9gales<\/h2>\t\t\t\t<\/div>\n\t\t\t\t<\/div>\n\t\t\t\t<\/div>\n\t\t<div class=\"elementor-element elementor-element-0183e69 e-con-full e-flex elementor-invisible e-con e-child\" data-id=\"0183e69\" data-element_type=\"container\" data-e-type=\"container\" data-settings=\"{&quot;animation&quot;:&quot;fadeInUp&quot;,&quot;animation_mobile&quot;:&quot;fadeIn&quot;}\">\n\t\t\t\t<div class=\"elementor-element elementor-element-ea04e41 elementor-widget elementor-widget-breadcrumbs\" data-id=\"ea04e41\" data-element_type=\"widget\" data-e-type=\"widget\" data-widget_type=\"breadcrumbs.default\">\n\t\t\t\t<div class=\"elementor-widget-container\">\n\t\t\t\t\t<nav aria-label=\"breadcrumbs\" class=\"rank-math-breadcrumb\"><p><span class=\"last\">Startseite<\/span><\/p><\/nav>\t\t\t\t<\/div>\n\t\t\t\t<\/div>\n\t\t\t\t<\/div>\n\t\t\t\t\t<\/div>\n\t\t\t\t<\/div>\n\t\t<div class=\"elementor-element elementor-element-dcd02b8 e-flex e-con-boxed e-con e-parent\" data-id=\"dcd02b8\" data-element_type=\"container\" data-e-type=\"container\" id=\"rechtliches\">\n\t\t\t\t\t<div class=\"e-con-inner\">\n\t\t<div class=\"elementor-element elementor-element-922f759 e-con-full e-flex elementor-invisible e-con e-child\" data-id=\"922f759\" data-element_type=\"container\" data-e-type=\"container\" data-settings=\"{&quot;animation&quot;:&quot;fadeIn&quot;,&quot;animation_mobile&quot;:&quot;fadeIn&quot;}\">\n\t\t\t\t<div class=\"elementor-element elementor-element-32380de elementor-widget elementor-widget-text-editor\" data-id=\"32380de\" data-element_type=\"widget\" data-e-type=\"widget\" data-widget_type=\"text-editor.default\">\n\t\t\t\t<div class=\"elementor-widget-container\">\n\t\t\t\t\t\t\t\t\t<p><em>S\u00e4mtliche Angaben unterliegen der <strong><a href=\"https:\/\/cnpd.public.lu\/de.html\" target=\"_blank\" rel=\"noopener\">CNPD<\/a><\/strong><\/em><\/p><p><strong>Dr. med. Marcus Corsten<\/strong><br><strong>Chirurgie Plastique SaarLorLux<\/strong><br>1, Avenue Lou Hemmer<br>L-5627 Mondorf-les-Bains<br>Luxemburg<\/p><p><strong>Vertreten durch:<\/strong><br>Marcus Corsten<br><br><\/p><h2>Contact<\/h2><p>Telefon: <strong><a href=\"tel:35227687601\">+352 2 768 7601<\/a><\/strong><br>Telefax: +352 2 768 7602<br>E-Mail: <strong><a href=\"mailto:info@plastique-saarlorlux.lu\">info@plastique-saarlorlux.lu<\/a><br><br><\/strong><\/p><h2>Umsatzsteuer-ID<\/h2><p>Umsatzsteuer-Identifikationsnummer gem\u00e4\u00df \u00a7 27 a Umsatzsteuergesetz:<br>LU31377247<br><br><\/p><h2>Aufsichtsbeh\u00f6rde<\/h2><p>Coll\u00e8ge M\u00e9dical<br>2, rue Albert 1er,<br>L-1117 Luxembourg<br><br><\/p><h2>Berufsbezeichnung<\/h2><p>Facharzt f\u00fcr Plastische und \u00c4sthetische Chirurgie, M\u00e9decin-Sp\u00e9cialiste en Chirurgie Plastique, Reconstructrice et Esth\u00e9tique.<br><br><\/p><h2>Verbraucher\u00adstreit\u00adbeilegung \/ Universal\u00adschlichtungs\u00adstelle<\/h2><p>Wir nehmen an einem Streitbeilegungsverfahren vor einer Verbraucherschlichtungsstelle teil. Zust\u00e4ndig ist die Universalschlichtungsstelle des Zentrums f\u00fcr Schlichtung e.V., Stra\u00dfburger Stra\u00dfe 8, 77694 Kehl am Rhein (<strong><a href=\"https:\/\/www.verbraucher-schlichter.de\" target=\"_blank\" rel=\"noopener noreferrer\">https:\/\/www.verbraucher-schlichter.de<\/a><\/strong>). <br><br><\/p><h2>Konzeption &amp; Umsetzung<\/h2><p><a href=\"https:\/\/www.formverliebt.com\/\" target=\"_blank\" rel=\"noopener\"><img decoding=\"async\" class=\"alignnone\" src=\"https:\/\/www.plastique-saarlorlux.lu\/wp-content\/uploads\/2024\/07\/formverliebt-logo.webp\" alt=\"formverliebt\" width=\"170\" height=\"33\"><\/a><br><br><\/p><h2>Bildnachweis<\/h2><p>\u00a9 Bilder Mia Femtech<sup>\u2122 <\/sup>\u2013 <a href=\"https:\/\/miafemtech.com\/\" target=\"_blank\" rel=\"noopener\">www.miafemtech.com<\/a><\/p>\t\t\t\t\t\t\t\t<\/div>\n\t\t\t\t<\/div>\n\t\t\t\t<\/div>\n\t\t\t\t\t<\/div>\n\t\t\t\t<\/div>\n\t\t\t\t<\/div>\n\t\t","protected":false},"excerpt":{"rendered":"<p>Bienvenue dans notre cabinet Mentions l\u00e9gales Startseite S\u00e4mtliche Angaben unterliegen der CNPD Dr. med. Marcus CorstenChirurgie Plastique SaarLorLux1, Avenue Lou HemmerL-5627 Mondorf-les-BainsLuxemburg Vertreten durch:Marcus Corsten Contact Telefon: +352 2 768 7601Telefax: +352 2 768 7602E-Mail: info@plastique-saarlorlux.lu Umsatzsteuer-ID Umsatzsteuer-Identifikationsnummer gem\u00e4\u00df \u00a7 27 a Umsatzsteuergesetz:LU31377247 Aufsichtsbeh\u00f6rde Coll\u00e8ge M\u00e9dical2, rue Albert 1er,L-1117 Luxembourg Berufsbezeichnung Facharzt f\u00fcr Plastische und [&hellip;]<\/p>\n","protected":false},"author":1,"featured_media":0,"parent":0,"menu_order":0,"comment_status":"closed","ping_status":"closed","template":"","meta":{"footnotes":""},"class_list":["post-2410","page","type-page","status-publish","hentry"],"_links":{"self":[{"href":"https:\/\/www.plastique-saarlorlux.lu\/fr\/wp-json\/wp\/v2\/pages\/2410","targetHints":{"allow":["GET"]}}],"collection":[{"href":"https:\/\/www.plastique-saarlorlux.lu\/fr\/wp-json\/wp\/v2\/pages"}],"about":[{"href":"https:\/\/www.plastique-saarlorlux.lu\/fr\/wp-json\/wp\/v2\/types\/page"}],"author":[{"embeddable":true,"href":"https:\/\/www.plastique-saarlorlux.lu\/fr\/wp-json\/wp\/v2\/users\/1"}],"replies":[{"embeddable":true,"href":"https:\/\/www.plastique-saarlorlux.lu\/fr\/wp-json\/wp\/v2\/comments?post=2410"}],"version-history":[{"count":5,"href":"https:\/\/www.plastique-saarlorlux.lu\/fr\/wp-json\/wp\/v2\/pages\/2410\/revisions"}],"predecessor-version":[{"id":4326,"href":"https:\/\/www.plastique-saarlorlux.lu\/fr\/wp-json\/wp\/v2\/pages\/2410\/revisions\/4326"}],"wp:attachment":[{"href":"https:\/\/www.plastique-saarlorlux.lu\/fr\/wp-json\/wp\/v2\/media?parent=2410"}],"curies":[{"name":"wp","href":"https:\/\/api.w.org\/{rel}","templated":true}]}}