{"id":2413,"date":"2025-12-16T15:30:49","date_gmt":"2025-12-16T14:30:49","guid":{"rendered":"https:\/\/www.plastique-saarlorlux.lu\/barrierefreiheit\/"},"modified":"2026-03-10T14:53:53","modified_gmt":"2026-03-10T13:53:53","slug":"barrierefreiheit","status":"publish","type":"page","link":"https:\/\/www.plastique-saarlorlux.lu\/fr\/barrierefreiheit\/","title":{"rendered":"Accessibilit\u00e9"},"content":{"rendered":"\t\t<div data-elementor-type=\"wp-page\" data-elementor-id=\"2413\" class=\"elementor elementor-2413 elementor-983\" data-elementor-post-type=\"page\">\n\t\t\t\t<div class=\"elementor-element elementor-element-9df3c91 e-flex e-con-boxed e-con e-parent\" data-id=\"9df3c91\" data-element_type=\"container\" data-e-type=\"container\" data-settings=\"{&quot;background_background&quot;:&quot;classic&quot;}\">\n\t\t\t\t\t<div class=\"e-con-inner\">\n\t\t<div class=\"elementor-element elementor-element-6299469 e-con-full e-flex elementor-invisible e-con e-child\" data-id=\"6299469\" data-element_type=\"container\" data-e-type=\"container\" data-settings=\"{&quot;animation&quot;:&quot;fadeInUp&quot;,&quot;animation_mobile&quot;:&quot;fadeIn&quot;}\">\n\t\t\t\t<div class=\"elementor-element elementor-element-8de43b3 elementor-widget__width-initial elementor-widget elementor-widget-heading\" data-id=\"8de43b3\" data-element_type=\"widget\" data-e-type=\"widget\" data-widget_type=\"heading.default\">\n\t\t\t\t<div class=\"elementor-widget-container\">\n\t\t\t\t\t<h2 class=\"elementor-heading-title elementor-size-default\">Bienvenue dans notre cabinet<\/h2>\t\t\t\t<\/div>\n\t\t\t\t<\/div>\n\t\t\t\t<div class=\"elementor-element elementor-element-a7c39c9 elementor-widget__width-initial elementor-widget elementor-widget-heading\" data-id=\"a7c39c9\" data-element_type=\"widget\" data-e-type=\"widget\" data-widget_type=\"heading.default\">\n\t\t\t\t<div class=\"elementor-widget-container\">\n\t\t\t\t\t<h2 class=\"elementor-heading-title elementor-size-default\">Accessibilit\u00e9<\/h2>\t\t\t\t<\/div>\n\t\t\t\t<\/div>\n\t\t\t\t<\/div>\n\t\t<div class=\"elementor-element elementor-element-0183e69 e-con-full e-flex elementor-invisible e-con e-child\" data-id=\"0183e69\" data-element_type=\"container\" data-e-type=\"container\" data-settings=\"{&quot;animation&quot;:&quot;fadeInUp&quot;,&quot;animation_mobile&quot;:&quot;fadeIn&quot;}\">\n\t\t\t\t<div class=\"elementor-element elementor-element-ea04e41 elementor-widget elementor-widget-breadcrumbs\" data-id=\"ea04e41\" data-element_type=\"widget\" data-e-type=\"widget\" data-widget_type=\"breadcrumbs.default\">\n\t\t\t\t<div class=\"elementor-widget-container\">\n\t\t\t\t\t<nav aria-label=\"breadcrumbs\" class=\"rank-math-breadcrumb\"><p><span class=\"last\">Startseite<\/span><\/p><\/nav>\t\t\t\t<\/div>\n\t\t\t\t<\/div>\n\t\t\t\t<\/div>\n\t\t\t\t\t<\/div>\n\t\t\t\t<\/div>\n\t\t<div class=\"elementor-element elementor-element-dcd02b8 e-flex e-con-boxed e-con e-parent\" data-id=\"dcd02b8\" data-element_type=\"container\" data-e-type=\"container\" id=\"rechtliches\">\n\t\t\t\t\t<div class=\"e-con-inner\">\n\t\t<div class=\"elementor-element elementor-element-922f759 e-con-full e-flex elementor-invisible e-con e-child\" data-id=\"922f759\" data-element_type=\"container\" data-e-type=\"container\" data-settings=\"{&quot;animation&quot;:&quot;fadeIn&quot;,&quot;animation_mobile&quot;:&quot;fadeIn&quot;}\">\n\t\t\t\t<div class=\"elementor-element elementor-element-32380de elementor-widget elementor-widget-text-editor\" data-id=\"32380de\" data-element_type=\"widget\" data-e-type=\"widget\" data-widget_type=\"text-editor.default\">\n\t\t\t\t<div class=\"elementor-widget-container\">\n\t\t\t\t\t\t\t\t\t<h2>Erkl\u00e4rung zur Barrierefreiheit f\u00fcr Dienstleistungen<\/h2><p>Im Rahmen unserer Barrierefreiheitserkl\u00e4rung m\u00f6chten wir Ihnen einen \u00dcberblick \u00fcber den Stand der Vereinbarkeit der unten beschriebenen Dienstleistung(en) mit den Anforderungen der Barrierefreiheit nach gesetzlichen Vorschriften (insbesondere mit dem Barrierefreiheitsst\u00e4rkungsgesetz \u2013 BFSG) geben.<br \/><br \/><\/p><h2>Angaben zum Dienst\u00adleistungs\u00aderbringer<\/h2><p><strong>Dr. med. Marcus Corsten<\/strong><br \/><strong>Chirurgie Plastique SaarLorLux<\/strong><br \/>1, Avenue Lou Hemmer<br \/>L-5627 Mondorf-les-Bains Luxemburg<\/p><p>E-Mail: <strong><a href=\"mailto:info@plastique-saarlorlux.lu\">info@plastique-saarlorlux.lu<\/a><\/strong><br \/>Telefon: <strong><a href=\"tel:35227687601\">+352 2 768 7601<\/a><\/strong><\/p><p>Link zur Website: <strong><a href=\"https:\/\/www.plastique-saarlorlux.lu\/\">https:\/\/www.plastique-saarlorlux.lu\/<\/a><\/strong><br \/>Link zum Impressum: <strong><a href=\"https:\/\/www.plastique-saarlorlux.lu\/impressum\/\">https:\/\/www.plastique-saarlorlux.lu\/impressum\/<\/a><br \/><br \/><\/strong><\/p><h2>Allgemeine Beschreibung der Dienstleistung<\/h2><p>Plastique SaarLorLux bietet medizinische Leistungen im Bereich der plastischen, rekonstruktiven und \u00e4sthetischen Chirurgie sowie nicht-operative \u00e4sthetische Behandlungen an. Die Dienstleistungen werden in Luxemburg (u. a. Mondorf-les-Bains, ZithaKlinik) sowie in Saarlouis (Deutschland) angeboten.<br \/><br \/><\/p><h2>Erl\u00e4uterungen zur Durchf\u00fchrung der Dienstleistung<\/h2><p>Die Dienstleistung umfasst medizinische Beratungen sowie operative und nicht-operative Behandlungen im Bereich der plastischen und \u00e4sthetischen Chirurgie. Kunden nutzen das Angebot durch Terminvereinbarung, pers\u00f6nliche \u00e4rztliche Beratung, Durchf\u00fchrung der Behandlung und anschlie\u00dfende Nachsorge an den Standorten in Luxemburg oder Deutschland.<br \/><br \/><\/p><h2>Stand der Vereinbarkeit mit den Anforderungen<\/h2><p>Die oben genannte Dienstleistung ist vollst\u00e4ndig mit dem Barrierefreiheitsst\u00e4rkungsgesetz (BFSG) vereinbar.<br \/>Diese Einsch\u00e4tzung basiert auf einer automatisierten Pr\u00fcfung mithilfe von axe DevTools, bei der keine Barrierefreiheitsprobleme festgestellt wurden.<br \/><br \/><\/p><h2>Erstellung der Barriere\u00adfreiheits\u00aderkl\u00e4rung<\/h2><p>Datum der Erstellung der Barrierefreiheitserkl\u00e4rung: 16.12.2025<br \/>Datum der letzten \u00dcberpr\u00fcfung der o. g. Leistungen hinsichtlich der Anforderungen zur Barrierefreiheit: 16.12.2025<br \/><br \/><\/p><h2>Einsch\u00e4tzung zum Stand der Barrierefreiheit<\/h2><p>Die Einsch\u00e4tzung zum Stand der Barrierefreiheit beruht auf unserer Selbsteinsch\u00e4tzung.<br \/><br \/><\/p><h2>Zust\u00e4ndige Markt\u00ad\u00fcberwachungs\u00adbeh\u00f6rde<\/h2><p>Markt\u00fcberwachungsstelle der L\u00e4nder f\u00fcr die Barrierefreiheit von Produkten und Dienstleistungen (MLBF)<br \/>c\/o Ministerium f\u00fcr Arbeit, Soziales, Gesundheit und Gleichstellung Sachsen-Anhalt<br \/>Postfach 39 11 55<br \/>39135 Magdeburg<\/p><p>Telefon: <strong><a href=\"tel:03915676970\">+49 (0) 391 567 6970<\/a><\/strong><br \/>E-Mail: <strong><a href=\"mailto:mlbf@ms.sachsen-anhalt.de\">mlbf@ms.sachsen-anhalt.de<\/a><\/strong><\/p>\t\t\t\t\t\t\t\t<\/div>\n\t\t\t\t<\/div>\n\t\t\t\t<\/div>\n\t\t\t\t\t<\/div>\n\t\t\t\t<\/div>\n\t\t\t\t<\/div>\n\t\t","protected":false},"excerpt":{"rendered":"<p>Bienvenue dans notre cabinet Accessibilit\u00e9 Startseite Erkl\u00e4rung zur Barrierefreiheit f\u00fcr Dienstleistungen Im Rahmen unserer Barrierefreiheitserkl\u00e4rung m\u00f6chten wir Ihnen einen \u00dcberblick \u00fcber den Stand der Vereinbarkeit der unten beschriebenen Dienstleistung(en) mit den Anforderungen der Barrierefreiheit nach gesetzlichen Vorschriften (insbesondere mit dem Barrierefreiheitsst\u00e4rkungsgesetz \u2013 BFSG) geben. Angaben zum Dienst\u00adleistungs\u00aderbringer Dr. med. Marcus CorstenChirurgie Plastique SaarLorLux1, Avenue Lou [&hellip;]<\/p>\n","protected":false},"author":1,"featured_media":0,"parent":0,"menu_order":0,"comment_status":"closed","ping_status":"closed","template":"","meta":{"footnotes":""},"class_list":["post-2413","page","type-page","status-publish","hentry"],"_links":{"self":[{"href":"https:\/\/www.plastique-saarlorlux.lu\/fr\/wp-json\/wp\/v2\/pages\/2413","targetHints":{"allow":["GET"]}}],"collection":[{"href":"https:\/\/www.plastique-saarlorlux.lu\/fr\/wp-json\/wp\/v2\/pages"}],"about":[{"href":"https:\/\/www.plastique-saarlorlux.lu\/fr\/wp-json\/wp\/v2\/types\/page"}],"author":[{"embeddable":true,"href":"https:\/\/www.plastique-saarlorlux.lu\/fr\/wp-json\/wp\/v2\/users\/1"}],"replies":[{"embeddable":true,"href":"https:\/\/www.plastique-saarlorlux.lu\/fr\/wp-json\/wp\/v2\/comments?post=2413"}],"version-history":[{"count":10,"href":"https:\/\/www.plastique-saarlorlux.lu\/fr\/wp-json\/wp\/v2\/pages\/2413\/revisions"}],"predecessor-version":[{"id":4562,"href":"https:\/\/www.plastique-saarlorlux.lu\/fr\/wp-json\/wp\/v2\/pages\/2413\/revisions\/4562"}],"wp:attachment":[{"href":"https:\/\/www.plastique-saarlorlux.lu\/fr\/wp-json\/wp\/v2\/media?parent=2413"}],"curies":[{"name":"wp","href":"https:\/\/api.w.org\/{rel}","templated":true}]}}